{"id":1231,"date":"2023-10-03T17:06:33","date_gmt":"2023-10-03T17:06:33","guid":{"rendered":"http:\/\/localhost:8888\/myfriendsite\/?page_id=1231"},"modified":"2025-04-11T10:29:05","modified_gmt":"2025-04-11T10:29:05","slug":"go-green","status":"publish","type":"page","link":"https:\/\/theaplast.al\/index.php\/go-green\/","title":{"rendered":"Go Green"},"content":{"rendered":"<p><div class=\"fusion-fullwidth fullwidth-box fusion-builder-row-1 fusion-flex-container has-pattern-background has-mask-background fusion-parallax-none nonhundred-percent-fullwidth non-hundred-percent-height-scrolling\" style=\"--awb-border-radius-top-left:0px;--awb-border-radius-top-right:0px;--awb-border-radius-bottom-right:0px;--awb-border-radius-bottom-left:0px;--awb-padding-top:0px;--awb-padding-right:0px;--awb-padding-bottom:600px;--awb-padding-left:0px;--awb-padding-left-medium:0px;--awb-padding-left-small:0px;--awb-margin-top:0px;--awb-margin-bottom:0px;--awb-margin-top-small:0px;--awb-background-color:#2e892c;--awb-background-image:url(&quot;https:\/\/theaplast.al\/wp-content\/uploads\/2025\/04\/21de5691-ffee-45e6-a3e2-0d42901e2cbb.jpeg&quot;);--awb-background-image-medium:url(&#039;https:\/\/theaplast.al\/wp-content\/uploads\/2025\/04\/2.jpeg&#039;);--awb-background-image-small:url(&#039;https:\/\/theaplast.al\/wp-content\/uploads\/2025\/04\/2.jpeg&#039;);--awb-background-size:900px;--awb-flex-wrap:wrap;\" ><div class=\"fusion-builder-row fusion-row fusion-flex-align-items-flex-start fusion-flex-content-wrap\" style=\"max-width:1248px;margin-left: calc(-4% \/ 2 );margin-right: calc(-4% \/ 2 );\"><\/div><\/div><div class=\"fusion-fullwidth fullwidth-box fusion-builder-row-2 fusion-flex-container has-pattern-background has-mask-background nonhundred-percent-fullwidth non-hundred-percent-height-scrolling\" style=\"--awb-border-radius-top-left:0px;--awb-border-radius-top-right:0px;--awb-border-radius-bottom-right:0px;--awb-border-radius-bottom-left:0px;--awb-padding-top:100px;--awb-padding-bottom:72px;--awb-flex-wrap:wrap;\" ><div class=\"fusion-builder-row fusion-row fusion-flex-align-items-flex-start fusion-flex-justify-content-center fusion-flex-content-wrap\" style=\"max-width:calc( 1200px + 130px );margin-left: calc(-130px \/ 2 );margin-right: calc(-130px \/ 2 );\"><div class=\"fusion-layout-column fusion_builder_column fusion-builder-column-0 fusion-flex-column fusion-flex-align-self-center\" style=\"--awb-bg-size:cover;--awb-width-large:56%;--awb-spacing-right-large:65px;--awb-margin-bottom-large:0px;--awb-spacing-left-large:65px;--awb-width-medium:50%;--awb-order-medium:0;--awb-spacing-right-medium:65px;--awb-spacing-left-medium:65px;--awb-width-small:100%;--awb-order-small:0;--awb-spacing-right-small:65px;--awb-margin-bottom-small:80px;--awb-spacing-left-small:65px;\"><div class=\"fusion-column-wrapper fusion-column-has-shadow fusion-flex-justify-content-flex-start fusion-content-layout-column\"><div class=\"fusion-text fusion-text-1 fusion-text-no-margin\" style=\"--awb-font-size:var(--awb-typography2-font-size);--awb-line-height:var(--awb-typography2-line-height);--awb-letter-spacing:var(--awb-typography2-letter-spacing);--awb-text-transform:none;--awb-text-color:var(--awb-color5);--awb-margin-bottom:12px;--awb-text-font-family:&quot;Marcellus&quot;;--awb-text-font-style:normal;--awb-text-font-weight:400;\"><p>N\u00eb paqe me natyren.<\/p>\n<\/div><div class=\"fusion-title title fusion-title-1 fusion-sep-none fusion-title-text fusion-title-size-two\" style=\"--awb-margin-bottom:32px;\"><h2 class=\"fusion-title-heading title-heading-left\" style=\"font-family:&quot;Marcellus&quot;;font-style:normal;font-weight:400;margin:0;text-transform:none;\"><p>Kujdesi dhe<br \/>\nmbrojtja e mjedisit<\/p><\/h2><\/div><div class=\"fusion-separator fusion-full-width-sep\" style=\"align-self: center;margin-left: auto;margin-right: auto;margin-top:10px;margin-bottom:48px;width:100%;\"><div class=\"fusion-separator-border sep-single sep-solid\" style=\"--awb-height:20px;--awb-amount:20px;border-color:var(--awb-color3);border-top-width:1px;\"><\/div><\/div><div class=\"fusion-text fusion-text-2 fusion-text-no-margin\" style=\"--awb-margin-right:16px;--awb-margin-bottom:52px;\"><p>&#8211;<b> Thea Plast <\/b>\u00ebsht\u00eb kompania e par\u00eb n\u00eb Shqip\u00ebri q\u00eb prodhon qese me p\u00ebrmbajtje <b>100% bimore<\/b> dhe <b>0% plastike<\/b>.<\/p>\n<p>&#8211; Kompania prodhon energji n\u00eb m\u00ebnyr\u00eb ekologjike n\u00ebp\u00ebrmjet<b> paneleve fotovoltaike<\/b>.<\/p>\n<p>&#8211; Linjat e riciklimit mund\u00ebsojn\u00eb q\u00eb kompania t\u00eb ket\u00eb <b>0% mbetje<\/b>, duke transformuar plastiken n\u00eb produkte <b>100% t\u00eb p\u00ebrfituara nga plastika e ricikluar<\/b>.<\/p>\n<\/div><div class=\"fusion-builder-row fusion-builder-row-inner fusion-row fusion-flex-align-items-flex-start fusion-flex-justify-content-center fusion-flex-content-wrap\" style=\"width:calc( 100% + 130px ) !important;max-width:calc( 100% + 130px ) !important;margin-left: calc(-130px \/ 2 );margin-right: calc(-130px \/ 2 );\"><div class=\"fusion-layout-column fusion_builder_column_inner fusion-builder-nested-column-0 fusion_builder_column_inner_1_2 1_2 fusion-flex-column\" style=\"--awb-padding-bottom-medium:24px;--awb-bg-size:cover;--awb-width-large:50%;--awb-spacing-right-large:0px;--awb-margin-bottom-large:0px;--awb-spacing-left-large:65px;--awb-width-medium:100%;--awb-order-medium:0;--awb-spacing-right-medium:0px;--awb-spacing-left-medium:65px;--awb-width-small:100%;--awb-order-small:0;--awb-spacing-right-small:65px;--awb-spacing-left-small:65px;\"><div class=\"fusion-column-wrapper fusion-column-has-shadow fusion-flex-justify-content-flex-start fusion-content-layout-column\"><i class=\"fb-icon-element-1 fb-icon-element fontawesome-icon fa-leaf fas circle-no fusion-text-flow\" style=\"--awb-iconcolor:var(--awb-color4);--awb-iconcolor-hover:var(--awb-custom_color_3);--awb-font-size:64px;--awb-margin-bottom:24px;\"><\/i><div class=\"fusion-title title fusion-title-2 fusion-sep-none fusion-title-text fusion-title-size-five\" style=\"--awb-margin-bottom:8px;\"><h5 class=\"fusion-title-heading title-heading-left\" style=\"font-family:&quot;Marcellus&quot;;font-style:normal;font-weight:400;margin:0;text-transform:none;\">N\u00eb paqe me natyren<\/h5><\/div><div class=\"fusion-text fusion-text-3\" style=\"--awb-font-size:var(--awb-typography5-font-size);--awb-line-height:var(--awb-typography5-line-height);--awb-letter-spacing:var(--awb-typography5-letter-spacing);--awb-text-transform:var(--awb-typography5-text-transform);--awb-text-font-family:var(--awb-typography5-font-family);--awb-text-font-weight:var(--awb-typography5-font-weight);--awb-text-font-style:var(--awb-typography5-font-style);\"><p>P\u00ebrkujdesje maksimale ndaj mjedisit<\/p>\n<\/div><\/div><\/div><div class=\"fusion-layout-column fusion_builder_column_inner fusion-builder-nested-column-1 fusion_builder_column_inner_1_2 1_2 fusion-flex-column\" style=\"--awb-padding-bottom:10px;--awb-padding-left:40px;--awb-bg-size:cover;--awb-border-color:var(--awb-color3);--awb-border-top:0px;--awb-border-right:0px;--awb-border-bottom:0px;--awb-border-left:4px;--awb-border-style:solid;--awb-width-large:50%;--awb-spacing-right-large:65px;--awb-margin-bottom-large:0px;--awb-spacing-left-large:0px;--awb-width-medium:100%;--awb-order-medium:0;--awb-spacing-right-medium:65px;--awb-spacing-left-medium:60px;--awb-width-small:100%;--awb-order-small:0;--awb-spacing-right-small:65px;--awb-spacing-left-small:65px;\"><div class=\"fusion-column-wrapper fusion-column-has-shadow fusion-flex-justify-content-flex-start fusion-content-layout-column\"><ul style=\"--awb-size:14px;--awb-item-padding-top:8px;--awb-item-padding-bottom:8px;--awb-iconcolor:var(--awb-custom_color_3);--awb-line-height:23.8px;--awb-icon-width:23.8px;--awb-icon-height:23.8px;--awb-icon-margin:9.8px;--awb-content-margin:33.6px;\" class=\"fusion-checklist fusion-checklist-1 type-icons\"><li class=\"fusion-li-item\" style=\"\"><span class=\"icon-wrapper circle-no\"><i class=\"fusion-li-icon awb-investment-tick\" aria-hidden=\"true\"><\/i><\/span><div class=\"fusion-li-item-content\">Kompania e par\u00eb n\u00eb Shqip\u00ebri me produkte 100% bimore<\/div><\/li><li class=\"fusion-li-item\" style=\"\"><span class=\"icon-wrapper circle-no\"><i class=\"fusion-li-icon awb-investment-tick\" aria-hidden=\"true\"><\/i><\/span><div class=\"fusion-li-item-content\">\n<p>L\u00ebnd\u00ebt e para t\u00eb certifikuara nga BE<\/p>\n<\/div><\/li><li class=\"fusion-li-item\" style=\"\"><span class=\"icon-wrapper circle-no\"><i class=\"fusion-li-icon awb-investment-tick\" aria-hidden=\"true\"><\/i><\/span><div class=\"fusion-li-item-content\">\n<p>Teknologji moderne n\u00eb prodhim<\/p>\n<\/div><\/li><\/ul><\/div><\/div><\/div><\/div><\/div><div class=\"fusion-layout-column fusion_builder_column fusion-builder-column-1 fusion-flex-column\" style=\"--awb-padding-top:83px;--awb-padding-bottom:176px;--awb-bg-size:cover;--awb-width-large:44%;--awb-margin-top-large:23px;--awb-spacing-right-large:0px;--awb-margin-bottom-large:0px;--awb-spacing-left-large:93px;--awb-width-medium:50%;--awb-order-medium:0;--awb-spacing-right-medium:0px;--awb-spacing-left-medium:93px;--awb-width-small:100%;--awb-order-small:0;--awb-spacing-right-small:65px;--awb-spacing-left-small:65px;\"><div class=\"fusion-column-wrapper fusion-column-has-shadow fusion-flex-justify-content-center fusion-content-layout-column\"><div class=\"fusion-image-element \" style=\"--awb-caption-title-font-family:var(--h2_typography-font-family);--awb-caption-title-font-weight:var(--h2_typography-font-weight);--awb-caption-title-font-style:var(--h2_typography-font-style);--awb-caption-title-size:var(--h2_typography-font-size);--awb-caption-title-transform:var(--h2_typography-text-transform);--awb-caption-title-line-height:var(--h2_typography-line-height);--awb-caption-title-letter-spacing:var(--h2_typography-letter-spacing);\"><span class=\" fusion-imageframe imageframe-none imageframe-1 hover-type-none\"><img decoding=\"async\" width=\"420\" height=\"486\" title=\"Girl-right-1-420&#215;486-24\" src=\"http:\/\/localhost:8888\/myfriendsite\/wp-content\/uploads\/2025\/02\/Girl-right-1-420x486-24.png\" alt class=\"img-responsive wp-image-5370\" srcset=\"https:\/\/theaplast.al\/wp-content\/uploads\/2025\/02\/Girl-right-1-420x486-24-200x231.png 200w, https:\/\/theaplast.al\/wp-content\/uploads\/2025\/02\/Girl-right-1-420x486-24-400x463.png 400w, https:\/\/theaplast.al\/wp-content\/uploads\/2025\/02\/Girl-right-1-420x486-24.png 420w\" sizes=\"(max-width: 810px) 100vw, 420px\" \/><\/span><\/div><\/div><\/div><\/div><\/div><div class=\"fusion-fullwidth fullwidth-box fusion-builder-row-3 fusion-flex-container has-pattern-background has-mask-background nonhundred-percent-fullwidth non-hundred-percent-height-scrolling\" style=\"--awb-border-radius-top-left:0px;--awb-border-radius-top-right:0px;--awb-border-radius-bottom-right:0px;--awb-border-radius-bottom-left:0px;--awb-flex-wrap:wrap;\" ><div class=\"fusion-builder-row fusion-row fusion-flex-align-items-flex-start fusion-flex-content-wrap\" style=\"max-width:1248px;margin-left: calc(-4% \/ 2 );margin-right: calc(-4% \/ 2 );\"><div class=\"fusion-layout-column fusion_builder_column fusion-builder-column-2 fusion_builder_column_1_1 1_1 fusion-flex-column\" style=\"--awb-bg-size:cover;--awb-width-large:100%;--awb-spacing-right-large:1.92%;--awb-margin-bottom-large:0px;--awb-spacing-left-large:1.92%;--awb-width-medium:100%;--awb-order-medium:0;--awb-spacing-right-medium:1.92%;--awb-spacing-left-medium:1.92%;--awb-width-small:100%;--awb-order-small:0;--awb-spacing-right-small:1.92%;--awb-spacing-left-small:1.92%;\"><div class=\"fusion-column-wrapper fusion-column-has-shadow fusion-flex-justify-content-flex-start fusion-content-layout-column\"><div class=\"fusion-section-separator section-separator custom fusion-section-separator-1\" style=\"--awb-spacer-height:30px;--awb-svg-margin-left:1.92%;--awb-svg-margin-right:1.92%;--awb-svg-margin-left-medium:1.92%;--awb-svg-margin-right-medium:1.92%;--awb-svg-margin-left-small:1.92%;--awb-svg-margin-right-small:1.92%;--awb-divider-height:30px;--awb-spacer-padding-top:inherit;--awb-bg-size:100% 30px;--awb-bg-size-medium:100% 100%;--awb-bg-size-small:100% 100%;--awb-margin-top:-30px;\"><div class=\"fusion-section-separator-svg\"><div class=\"fusion-custom-candy-sep fusion-section-separator-svg-bg\"><\/div><\/div><div class=\"fusion-section-separator-spacer\"><div class=\"fusion-section-separator-spacer-height\"><\/div><\/div><\/div><\/div><\/div><\/div><\/div><div class=\"fusion-fullwidth fullwidth-box fusion-builder-row-4 fusion-flex-container has-pattern-background has-mask-background hundred-percent-fullwidth non-hundred-percent-height-scrolling\" style=\"--awb-border-radius-top-left:0px;--awb-border-radius-top-right:0px;--awb-border-radius-bottom-right:0px;--awb-border-radius-bottom-left:0px;--awb-flex-wrap:wrap;\" ><div class=\"fusion-builder-row fusion-row fusion-flex-align-items-flex-start fusion-flex-content-wrap\" style=\"width:104% !important;max-width:104% !important;margin-left: calc(-4% \/ 2 );margin-right: calc(-4% \/ 2 );\"><div class=\"fusion-layout-column fusion_builder_column fusion-builder-column-3 fusion_builder_column_1_1 1_1 fusion-flex-column\" style=\"--awb-bg-size:cover;--awb-width-large:100%;--awb-spacing-right-large:0px;--awb-margin-bottom-large:0px;--awb-spacing-left-large:0px;--awb-width-medium:100%;--awb-order-medium:0;--awb-spacing-right-medium:0px;--awb-spacing-left-medium:0px;--awb-width-small:100%;--awb-order-small:0;--awb-spacing-right-small:1.92%;--awb-spacing-left-small:1.92%;\"><div class=\"fusion-column-wrapper fusion-column-has-shadow fusion-flex-justify-content-flex-start fusion-content-layout-column\"><div class=\"fusion-separator fusion-full-width-sep\" style=\"align-self: center;margin-left: auto;margin-right: auto;width:100%;\"><div class=\"fusion-separator-border sep-single sep-solid\" style=\"--awb-height:20px;--awb-amount:20px;border-color:var(--awb-color3);border-top-width:1px;\"><\/div><\/div><\/div><\/div><\/div><\/div><\/p>\n","protected":false},"excerpt":{"rendered":"","protected":false},"author":1,"featured_media":0,"parent":0,"menu_order":28,"comment_status":"closed","ping_status":"closed","template":"100-width.php","meta":{"footnotes":""},"class_list":["post-1231","page","type-page","status-publish","hentry"],"acf":[],"_links":{"self":[{"href":"https:\/\/theaplast.al\/index.php\/wp-json\/wp\/v2\/pages\/1231","targetHints":{"allow":["GET"]}}],"collection":[{"href":"https:\/\/theaplast.al\/index.php\/wp-json\/wp\/v2\/pages"}],"about":[{"href":"https:\/\/theaplast.al\/index.php\/wp-json\/wp\/v2\/types\/page"}],"author":[{"embeddable":true,"href":"https:\/\/theaplast.al\/index.php\/wp-json\/wp\/v2\/users\/1"}],"replies":[{"embeddable":true,"href":"https:\/\/theaplast.al\/index.php\/wp-json\/wp\/v2\/comments?post=1231"}],"version-history":[{"count":25,"href":"https:\/\/theaplast.al\/index.php\/wp-json\/wp\/v2\/pages\/1231\/revisions"}],"predecessor-version":[{"id":5662,"href":"https:\/\/theaplast.al\/index.php\/wp-json\/wp\/v2\/pages\/1231\/revisions\/5662"}],"wp:attachment":[{"href":"https:\/\/theaplast.al\/index.php\/wp-json\/wp\/v2\/media?parent=1231"}],"curies":[{"name":"wp","href":"https:\/\/api.w.org\/{rel}","templated":true}]}}